{"id":2359,"date":"2015-03-13T11:22:09","date_gmt":"2015-03-13T11:22:09","guid":{"rendered":"http:\/\/demo-content.kaliumtheme.com\/agency\/?page_id=2359"},"modified":"2019-06-28T21:57:07","modified_gmt":"2019-06-28T21:57:07","slug":"servicos","status":"publish","type":"page","link":"https:\/\/silviaricardo.com\/projectos\/servicos\/","title":{"rendered":"Servi\u00e7os"},"content":{"rendered":"<p>[vc_row][vc_column reveal_effect=&#8221;fadeIn&#8221; reveal_duration=&#8221;0.7&#8243;][lab_heading title=&#8221;Servi\u00e7os.&#8221;]Hoje em dia, e cada vez mais, torna-se determinante modernizar e acompanhar o r\u00e1pido avan\u00e7o das tecnologias web.<br \/>\nLembre-se que o site \u00e9 um cart\u00e3o de visita sem fronteiras e \u00e9 tamb\u00e9m um meio de difundir as suas p\u00e1ginas das redes sociais.<br \/>\nPara al\u00e9m disso, esta actualiza\u00e7\u00e3o melhorar\u00e1 a posi\u00e7\u00e3o do seu site no ranking dos motores de busca, j\u00e1 que passa a ser considerado como uma fonte consistente de novas informa\u00e7\u00f5es, posicionando-se assim, de forma estrat\u00e9gica para aumentar o tr\u00e1fego.[\/lab_heading][\/vc_column][\/vc_row][vc_row css=&#8221;.vc_custom_1426246378123{margin-bottom: 0px !important;}&#8221;][vc_column width=&#8221;1\/2&#8243; reveal_effect=&#8221;fadeIn&#8221; reveal_duration=&#8221;1&#8243; css=&#8221;.vc_custom_1504614928532{margin-right: 0px !important;padding-right: 0px !important;}&#8221; el_class=&#8221;no-margin-desktop&#8221;][vc_single_image image=&#8221;3697&#8243; img_size=&#8221;full&#8221; css=&#8221;.vc_custom_1558533298347{margin-bottom: 0px !important;}&#8221;][\/vc_column][vc_column width=&#8221;1\/2&#8243; reveal_effect=&#8221;fadeIn&#8221; reveal_duration=&#8221;1&#8243;][lab_service_box css=&#8221;.vc_custom_1427234469550{padding-top: 45px !important;padding-right: 45px !important;padding-bottom: 45px !important;padding-left: 45px !important;}&#8221;][vc_icon icon_linea=&#8221;icon-basic-laptop&#8221; size=&#8221;lg&#8221;][lab_service_box_content title=&#8221;Desenvolvimento de Website com ou sem backffice&#8221; description=&#8221;As mesmas linguagens permitem fazer o Design e development de pe\u00e7as interactivas com layout responsivo para quase tudo.<\/p>\n<p>Desde o site institucional, ao blog corporativo, loja online, plataforma de e-learning, portal, micro-site, landing page. Websites com e sem gestor de conte\u00fados.&#8221;][\/lab_service_box][\/vc_column][\/vc_row][vc_row css=&#8221;.vc_custom_1426246383421{margin-bottom: 0px !important;}&#8221;][vc_column width=&#8221;1\/2&#8243; reveal_effect=&#8221;fadeIn&#8221; reveal_duration=&#8221;1&#8243;][lab_service_box css=&#8221;.vc_custom_1427234476895{padding-top: 45px !important;padding-right: 45px !important;padding-bottom: 45px !important;padding-left: 45px !important;}&#8221;][vc_icon icon_linea=&#8221;icon-basic-message-multiple&#8221; size=&#8221;lg&#8221;][lab_service_box_content title=&#8221;Gest\u00e3o De Redes Sociais&#8221; description=&#8221;Caso n\u00e3o esteja satisfeito com os resultados que a sua marca est\u00e1 a ter nas redes sociais, pode e deve fazer altera\u00e7\u00f5es quanto \u00e0 estrat\u00e9gia que adoptou.<br \/>\nTerei todo o gosto em fazer um diagn\u00f3stico da presen\u00e7a da sua marca nos diversos social media e apresentar-lhe uma proposta que englobe todos os factores a ter em considera\u00e7\u00e3o no Planeamento Estrat\u00e9gico.&#8221;][\/lab_service_box][\/vc_column][vc_column width=&#8221;1\/2&#8243; reveal_effect=&#8221;fadeIn&#8221; css=&#8221;.vc_custom_1504614932143{padding-right: 0px !important;padding-left: 0px !important;}&#8221; reveal_duration=&#8221;1&#8243; el_class=&#8221;no-margin-desktop&#8221;][vc_single_image image=&#8221;3703&#8243; img_size=&#8221;full&#8221; css=&#8221;.vc_custom_1558544792000{margin-bottom: 0px !important;}&#8221;][\/vc_column][\/vc_row]<\/p>\n","protected":false},"excerpt":{"rendered":"<p>[vc_row][vc_column reveal_effect=&#8221;fadeIn&#8221; reveal_duration=&#8221;0.7&#8243;][lab_heading title=&#8221;Servi\u00e7os.&#8221;]Hoje em dia, e cada vez mais, torna-se determinante modernizar e acompanhar o r\u00e1pido avan\u00e7o das tecnologias web. Lembre-se que o site \u00e9 um cart\u00e3o de visita sem fronteiras e \u00e9 tamb\u00e9m um meio de difundir as suas p\u00e1ginas das redes sociais. Para al\u00e9m disso, esta actualiza\u00e7\u00e3o melhorar\u00e1 a posi\u00e7\u00e3o do seu&hellip;<\/p>\n","protected":false},"author":1,"featured_media":0,"parent":0,"menu_order":0,"comment_status":"open","ping_status":"closed","template":"","meta":[],"_links":{"self":[{"href":"https:\/\/silviaricardo.com\/projectos\/wp-json\/wp\/v2\/pages\/2359"}],"collection":[{"href":"https:\/\/silviaricardo.com\/projectos\/wp-json\/wp\/v2\/pages"}],"about":[{"href":"https:\/\/silviaricardo.com\/projectos\/wp-json\/wp\/v2\/types\/page"}],"author":[{"embeddable":true,"href":"https:\/\/silviaricardo.com\/projectos\/wp-json\/wp\/v2\/users\/1"}],"replies":[{"embeddable":true,"href":"https:\/\/silviaricardo.com\/projectos\/wp-json\/wp\/v2\/comments?post=2359"}],"version-history":[{"count":11,"href":"https:\/\/silviaricardo.com\/projectos\/wp-json\/wp\/v2\/pages\/2359\/revisions"}],"predecessor-version":[{"id":3920,"href":"https:\/\/silviaricardo.com\/projectos\/wp-json\/wp\/v2\/pages\/2359\/revisions\/3920"}],"wp:attachment":[{"href":"https:\/\/silviaricardo.com\/projectos\/wp-json\/wp\/v2\/media?parent=2359"}],"curies":[{"name":"wp","href":"https:\/\/api.w.org\/{rel}","templated":true}]}}